{"id":7515,"date":"2023-07-10T16:57:41","date_gmt":"2023-07-10T14:57:41","guid":{"rendered":"https:\/\/retrofixer.it\/?page_id=7515"},"modified":"2023-07-11T15:20:34","modified_gmt":"2023-07-11T13:20:34","slug":"magicbin","status":"publish","type":"page","link":"https:\/\/retrofixer.it\/en\/magicbin\/","title":{"rendered":"MagicBIN"},"content":{"rendered":"<div data-elementor-type=\"wp-page\" data-elementor-id=\"7515\" class=\"elementor elementor-7515\" data-elementor-post-type=\"page\">\n\t\t\t\t<div class=\"elementor-element elementor-element-bef1078 e-flex e-con-boxed e-con e-parent\" data-id=\"bef1078\" data-element_type=\"container\" data-e-type=\"container\">\n\t\t\t\t\t<div class=\"e-con-inner\">\n\t\t\t\t<div class=\"elementor-element elementor-element-86c1875 elementor-widget elementor-widget-heading\" data-id=\"86c1875\" data-element_type=\"widget\" data-e-type=\"widget\" data-widget_type=\"heading.default\">\n\t\t\t\t<div class=\"elementor-widget-container\">\n\t\t\t\t\t<h2 class=\"elementor-heading-title elementor-size-default\">Cos'e' MagicBIN?<\/h2>\t\t\t\t<\/div>\n\t\t\t\t<\/div>\n\t\t\t\t\t<\/div>\n\t\t\t\t<\/div>\n\t\t<div class=\"elementor-element elementor-element-016a70c e-flex e-con-boxed e-con e-parent\" data-id=\"016a70c\" data-element_type=\"container\" data-e-type=\"container\">\n\t\t\t\t\t<div class=\"e-con-inner\">\n\t\t\t\t<div class=\"elementor-element elementor-element-b84e230 elementor-widget elementor-widget-text-editor\" data-id=\"b84e230\" data-element_type=\"widget\" data-e-type=\"widget\" data-widget_type=\"text-editor.default\">\n\t\t\t\t<div class=\"elementor-widget-container\">\n\t\t\t\t\t\t\t\t\t<p>Questo software per Windows \u00e8 stato pensato per aiutarvi a creare una ROM concatenando altri file immagine.<br \/>Basta trascinare il file .BIN nella finestra del programma e questo vi far\u00e0 vedere lo spazio disponibile rimasto e vi consentir\u00e0 di riordinarle e creare infine la nuova immagine pronta per essere scritta sulla memoria.<br \/>Sono state aggiunte ulteriori funzionalit\u00e0, come la possibilit\u00e0 di vedere il contenuto del file e in caso si tratti di una ROM caratteri (VIC20,C64,C128), \u00e8 possibile visualizzarne il contenuto graficamente e modificarlo.\u00a0<\/p>\t\t\t\t\t\t\t\t<\/div>\n\t\t\t\t<\/div>\n\t\t<div class=\"elementor-element elementor-element-1751a8e e-con-full e-flex e-con e-parent\" data-id=\"1751a8e\" data-element_type=\"container\" data-e-type=\"container\">\n\t\t\t\t<div class=\"elementor-element elementor-element-ab1dcda elementor-widget elementor-widget-image\" data-id=\"ab1dcda\" data-element_type=\"widget\" data-e-type=\"widget\" data-widget_type=\"image.default\">\n\t\t\t\t<div class=\"elementor-widget-container\">\n\t\t\t\t\t\t\t\t\t\t\t\t\t\t\t\t<a href=\"https:\/\/retrofixer.it\/wp-content\/uploads\/2023\/07\/mbin1.png\" data-elementor-open-lightbox=\"yes\" data-elementor-lightbox-title=\"mbin1\" data-e-action-hash=\"#elementor-action%3Aaction%3Dlightbox%26settings%3DeyJpZCI6NzUyNCwidXJsIjoiaHR0cHM6XC9cL3JldHJvZml4ZXIuaXRcL3dwLWNvbnRlbnRcL3VwbG9hZHNcLzIwMjNcLzA3XC9tYmluMS5wbmcifQ%3D%3D\">\n\t\t\t\t\t\t\t<img fetchpriority=\"high\" decoding=\"async\" width=\"795\" height=\"510\" src=\"https:\/\/retrofixer.it\/wp-content\/uploads\/2023\/07\/mbin1.png\" class=\"attachment-large size-large wp-image-7524\" alt=\"\" srcset=\"https:\/\/retrofixer.it\/wp-content\/uploads\/2023\/07\/mbin1.png 795w, https:\/\/retrofixer.it\/wp-content\/uploads\/2023\/07\/mbin1-300x192.png 300w, https:\/\/retrofixer.it\/wp-content\/uploads\/2023\/07\/mbin1-768x493.png 768w, https:\/\/retrofixer.it\/wp-content\/uploads\/2023\/07\/mbin1-18x12.png 18w, https:\/\/retrofixer.it\/wp-content\/uploads\/2023\/07\/mbin1-117x75.png 117w, https:\/\/retrofixer.it\/wp-content\/uploads\/2023\/07\/mbin1-480x308.png 480w\" sizes=\"(max-width:767px) 480px, (max-width:795px) 100vw, 795px\" \/>\t\t\t\t\t\t\t\t<\/a>\n\t\t\t\t\t\t\t\t\t\t\t\t\t\t\t<\/div>\n\t\t\t\t<\/div>\n\t\t\t\t<div class=\"elementor-element elementor-element-6a64c07 elementor-widget elementor-widget-image\" data-id=\"6a64c07\" data-element_type=\"widget\" data-e-type=\"widget\" data-widget_type=\"image.default\">\n\t\t\t\t<div class=\"elementor-widget-container\">\n\t\t\t\t\t\t\t\t\t\t\t\t\t\t\t\t<a href=\"https:\/\/retrofixer.it\/wp-content\/uploads\/2023\/07\/mbin2.png\" data-elementor-open-lightbox=\"yes\" data-elementor-lightbox-title=\"mbin2\" data-e-action-hash=\"#elementor-action%3Aaction%3Dlightbox%26settings%3DeyJpZCI6NzUyNiwidXJsIjoiaHR0cHM6XC9cL3JldHJvZml4ZXIuaXRcL3dwLWNvbnRlbnRcL3VwbG9hZHNcLzIwMjNcLzA3XC9tYmluMi5wbmcifQ%3D%3D\">\n\t\t\t\t\t\t\t<img decoding=\"async\" width=\"934\" height=\"603\" src=\"https:\/\/retrofixer.it\/wp-content\/uploads\/2023\/07\/mbin2.png\" class=\"attachment-large size-large wp-image-7526\" alt=\"\" srcset=\"https:\/\/retrofixer.it\/wp-content\/uploads\/2023\/07\/mbin2.png 934w, https:\/\/retrofixer.it\/wp-content\/uploads\/2023\/07\/mbin2-300x194.png 300w, https:\/\/retrofixer.it\/wp-content\/uploads\/2023\/07\/mbin2-768x496.png 768w, https:\/\/retrofixer.it\/wp-content\/uploads\/2023\/07\/mbin2-18x12.png 18w, https:\/\/retrofixer.it\/wp-content\/uploads\/2023\/07\/mbin2-116x75.png 116w, https:\/\/retrofixer.it\/wp-content\/uploads\/2023\/07\/mbin2-480x310.png 480w\" sizes=\"(max-width:767px) 480px, (max-width:934px) 100vw, 934px\" \/>\t\t\t\t\t\t\t\t<\/a>\n\t\t\t\t\t\t\t\t\t\t\t\t\t\t\t<\/div>\n\t\t\t\t<\/div>\n\t\t\t\t<div class=\"elementor-element elementor-element-3a83372 elementor-widget elementor-widget-image\" data-id=\"3a83372\" data-element_type=\"widget\" data-e-type=\"widget\" data-widget_type=\"image.default\">\n\t\t\t\t<div class=\"elementor-widget-container\">\n\t\t\t\t\t\t\t\t\t\t\t\t\t\t\t\t<a href=\"https:\/\/retrofixer.it\/wp-content\/uploads\/2023\/07\/mbin3.png\" data-elementor-open-lightbox=\"yes\" data-elementor-lightbox-title=\"mbin3\" data-e-action-hash=\"#elementor-action%3Aaction%3Dlightbox%26settings%3DeyJpZCI6NzUyNywidXJsIjoiaHR0cHM6XC9cL3JldHJvZml4ZXIuaXRcL3dwLWNvbnRlbnRcL3VwbG9hZHNcLzIwMjNcLzA3XC9tYmluMy5wbmcifQ%3D%3D\">\n\t\t\t\t\t\t\t<img decoding=\"async\" width=\"934\" height=\"603\" src=\"https:\/\/retrofixer.it\/wp-content\/uploads\/2023\/07\/mbin3.png\" class=\"attachment-large size-large wp-image-7527\" alt=\"\" srcset=\"https:\/\/retrofixer.it\/wp-content\/uploads\/2023\/07\/mbin3.png 934w, https:\/\/retrofixer.it\/wp-content\/uploads\/2023\/07\/mbin3-300x194.png 300w, https:\/\/retrofixer.it\/wp-content\/uploads\/2023\/07\/mbin3-768x496.png 768w, https:\/\/retrofixer.it\/wp-content\/uploads\/2023\/07\/mbin3-18x12.png 18w, https:\/\/retrofixer.it\/wp-content\/uploads\/2023\/07\/mbin3-116x75.png 116w, https:\/\/retrofixer.it\/wp-content\/uploads\/2023\/07\/mbin3-480x310.png 480w\" sizes=\"(max-width:767px) 480px, (max-width:934px) 100vw, 934px\" \/>\t\t\t\t\t\t\t\t<\/a>\n\t\t\t\t\t\t\t\t\t\t\t\t\t\t\t<\/div>\n\t\t\t\t<\/div>\n\t\t\t\t<\/div>\n\t\t\t\t<div class=\"elementor-element elementor-element-8cb3bf6 elementor-widget elementor-widget-text-editor\" data-id=\"8cb3bf6\" data-element_type=\"widget\" data-e-type=\"widget\" data-widget_type=\"text-editor.default\">\n\t\t\t\t<div class=\"elementor-widget-container\">\n\t\t\t\t\t\t\t\t\t<p>Requisiti minimi:<\/p><p>.NET Framework 4.8<br \/>Microsoft Windows 7 o maggiore.<\/p><p>Versione attuale ancora in fase di sviluppo. E&#8217; possibile scaricare la versione portable che non richiede nessun componente aggiuntivo o libreria oltre al framework 4.8.<\/p><p>La versione \u00e8 stabile ma potrebbe contenere ancora dei bug, se riscontrate problemi o anomalie potete farli presente scrivendo nella pagina contatti.<\/p><p><b>Changelog:<\/b><\/p><p>1.0.0.0 Versione Beta iniziale<\/p><p>1.0.0.1 Aggiunta selezione lingua Italiano \/ Inglese<\/p><p>\u00a0<\/p>\t\t\t\t\t\t\t\t<\/div>\n\t\t\t\t<\/div>\n\t\t\t\t<div class=\"elementor-element elementor-element-b0d6920 elementor-widget elementor-widget-heading\" data-id=\"b0d6920\" data-element_type=\"widget\" data-e-type=\"widget\" data-widget_type=\"heading.default\">\n\t\t\t\t<div class=\"elementor-widget-container\">\n\t\t\t\t\t<h4 class=\"elementor-heading-title elementor-size-default\">Download MagicBIN V. 1.0.0.1<\/h4>\t\t\t\t<\/div>\n\t\t\t\t<\/div>\n\t\t\t\t<div class=\"elementor-element elementor-element-4656a4e elementor-widget elementor-widget-text-editor\" data-id=\"4656a4e\" data-element_type=\"widget\" data-e-type=\"widget\" data-widget_type=\"text-editor.default\">\n\t\t\t\t<div class=\"elementor-widget-container\">\n\t\t\t\t\t\t\t\t\t<b>Changelog:<\/b><br\/>\n<span style=\"font-size:15px;\">\n1.0.0.0 Versione Beta iniziale<br\/>\n1.0.0.1 Aggiunta selezione lingua Italiano \/ Inglese<\/span>\t\t\t\t\t\t\t\t<\/div>\n\t\t\t\t<\/div>\n\t\t\t\t<div class=\"elementor-element elementor-element-54162bf elementor-button-success elementor-align-center elementor-widget elementor-widget-button\" data-id=\"54162bf\" data-element_type=\"widget\" data-e-type=\"widget\" data-widget_type=\"button.default\">\n\t\t\t\t<div class=\"elementor-widget-container\">\n\t\t\t\t\t\t\t\t\t<div class=\"elementor-button-wrapper\">\n\t\t\t\t\t<a class=\"elementor-button elementor-button-link elementor-size-lg\" href=\"\/download\/magicbin\/MagicBIN.zip\">\n\t\t\t\t\t\t<span class=\"elementor-button-content-wrapper\">\n\t\t\t\t\t\t<span class=\"elementor-button-icon\">\n\t\t\t\t<i aria-hidden=\"true\" class=\"fas fa-download\"><\/i>\t\t\t<\/span>\n\t\t\t\t\t\t\t\t\t<span class=\"elementor-button-text\">Scarica MagicBIN<\/span>\n\t\t\t\t\t<\/span>\n\t\t\t\t\t<\/a>\n\t\t\t\t<\/div>\n\t\t\t\t\t\t\t\t<\/div>\n\t\t\t\t<\/div>\n\t\t\t\t<div class=\"elementor-element elementor-element-79ab465 elementor-widget elementor-widget-text-editor\" data-id=\"79ab465\" data-element_type=\"widget\" data-e-type=\"widget\" data-widget_type=\"text-editor.default\">\n\t\t\t\t<div class=\"elementor-widget-container\">\n\t\t\t\t\t\t\t\t\t<p>Il software gratuito e potete supportaci anche iscrivendoti al canale!<\/p>\t\t\t\t\t\t\t\t<\/div>\n\t\t\t\t<\/div>\n\t\t\t\t\t<\/div>\n\t\t\t\t<\/div>\n\t\t\t\t<\/div>","protected":false},"excerpt":{"rendered":"<p>Cos&#8217;e&#8217; MagicBIN? Questo software per Windows \u00e8 stato pensato per aiutarvi a creare una ROM concatenando altri file immagine.Basta trascinare il file .BIN nella finestra del<span class=\"excerpt-hellip\"> [\u2026]<\/span><\/p>\n","protected":false},"author":1,"featured_media":0,"parent":0,"menu_order":0,"comment_status":"closed","ping_status":"closed","template":"","meta":{"footnotes":""},"categories":[],"tags":[],"class_list":["post-7515","page","type-page","status-publish","hentry"],"_links":{"self":[{"href":"https:\/\/retrofixer.it\/en\/wp-json\/wp\/v2\/pages\/7515","targetHints":{"allow":["GET"]}}],"collection":[{"href":"https:\/\/retrofixer.it\/en\/wp-json\/wp\/v2\/pages"}],"about":[{"href":"https:\/\/retrofixer.it\/en\/wp-json\/wp\/v2\/types\/page"}],"author":[{"embeddable":true,"href":"https:\/\/retrofixer.it\/en\/wp-json\/wp\/v2\/users\/1"}],"replies":[{"embeddable":true,"href":"https:\/\/retrofixer.it\/en\/wp-json\/wp\/v2\/comments?post=7515"}],"version-history":[{"count":0,"href":"https:\/\/retrofixer.it\/en\/wp-json\/wp\/v2\/pages\/7515\/revisions"}],"wp:attachment":[{"href":"https:\/\/retrofixer.it\/en\/wp-json\/wp\/v2\/media?parent=7515"}],"wp:term":[{"taxonomy":"category","embeddable":true,"href":"https:\/\/retrofixer.it\/en\/wp-json\/wp\/v2\/categories?post=7515"},{"taxonomy":"post_tag","embeddable":true,"href":"https:\/\/retrofixer.it\/en\/wp-json\/wp\/v2\/tags?post=7515"}],"curies":[{"name":"wp","href":"https:\/\/api.w.org\/{rel}","templated":true}]}}