{"id":7833,"date":"2023-10-16T17:55:05","date_gmt":"2023-10-16T15:55:05","guid":{"rendered":"https:\/\/retrofixer.it\/?page_id=7833"},"modified":"2025-02-08T15:14:34","modified_gmt":"2025-02-08T14:14:34","slug":"ql-minerva-ram-decode","status":"publish","type":"page","link":"https:\/\/retrofixer.it\/en\/ql-minerva-ram-decode\/","title":{"rendered":"QL Minerva RAM decode"},"content":{"rendered":"\t\t<div data-elementor-type=\"wp-page\" data-elementor-id=\"7833\" class=\"elementor elementor-7833\" data-elementor-post-type=\"page\">\n\t\t\t\t<div class=\"elementor-element elementor-element-6d958ac e-flex e-con-boxed e-con e-parent\" data-id=\"6d958ac\" data-element_type=\"container\" data-e-type=\"container\" data-settings=\"{&quot;background_background&quot;:&quot;classic&quot;}\">\n\t\t\t\t\t<div class=\"e-con-inner\">\n\t\t<div class=\"elementor-element elementor-element-34f29e3 e-flex e-con-boxed e-con e-child\" data-id=\"34f29e3\" data-element_type=\"container\" data-e-type=\"container\">\n\t\t\t\t\t<div class=\"e-con-inner\">\n\t\t\t\t<div class=\"elementor-element elementor-element-164bc25 elementor-widget__width-initial elementor-widget elementor-widget-text-editor\" data-id=\"164bc25\" data-element_type=\"widget\" data-e-type=\"widget\" data-widget_type=\"text-editor.default\">\n\t\t\t\t<div class=\"elementor-widget-container\">\n\t\t\t\t\t\t\t\t\t<p><span style=\"font-family: Nunito; font-size: 18px; font-style: normal; font-variant-ligatures: normal; font-variant-caps: normal; font-weight: 400;\">Con questa applicazione vogliamo aiutare tutti i possessori del Sinclair QL ad identificare la RAM guasta, basandoci sulla schermata che ci dar\u00e0 la ROM Minerva. Qui a destra possiamo vedere un esempio di cosa verr\u00e0 mostrato in caso di una RAM guasta. La prima linea rappresenta il valore scritto, la seconda quello letto e la terza \u00e8 l&#8217;indirizzo che ci servir\u00e0 per identificare quale banco di memoria. Se minore di $3000 parliamo di IC1-IC8, se maggiore o uguale a $3000 parliamo dei chip IC9-IC16, se maggiore o uguale a $4000 la memoria guasta \u00e8 nell&#8217;espansione di memoria.<\/span><\/p>\t\t\t\t\t\t\t\t<\/div>\n\t\t\t\t<\/div>\n\t\t\t\t<div class=\"elementor-element elementor-element-3e2f3c9 elementor-widget elementor-widget-image\" data-id=\"3e2f3c9\" data-element_type=\"widget\" data-e-type=\"widget\" data-widget_type=\"image.default\">\n\t\t\t\t<div class=\"elementor-widget-container\">\n\t\t\t\t\t\t\t\t\t\t\t\t\t\t\t<img fetchpriority=\"high\" decoding=\"async\" width=\"768\" height=\"468\" src=\"https:\/\/retrofixer.it\/wp-content\/uploads\/2023\/10\/minerva_screen-768x468.jpg.webp\" class=\"attachment-medium_large size-medium_large wp-image-8364\" alt=\"\" srcset=\"https:\/\/retrofixer.it\/wp-content\/uploads\/2023\/10\/minerva_screen-768x468.jpg.webp 768w, https:\/\/retrofixer.it\/wp-content\/uploads\/2023\/10\/minerva_screen-300x183.jpg.webp 300w, https:\/\/retrofixer.it\/wp-content\/uploads\/2023\/10\/minerva_screen-1024x624.jpg.webp 1024w, https:\/\/retrofixer.it\/wp-content\/uploads\/2023\/10\/minerva_screen-18x12.jpg.webp 18w, https:\/\/retrofixer.it\/wp-content\/uploads\/2023\/10\/minerva_screen-123x75.jpg.webp 123w, https:\/\/retrofixer.it\/wp-content\/uploads\/2023\/10\/minerva_screen-480x293.jpg.webp 480w, https:\/\/retrofixer.it\/wp-content\/uploads\/2023\/10\/minerva_screen.jpg.webp 1058w\" sizes=\"(max-width:767px) 480px, (max-width:768px) 100vw, 768px\" \/>\t\t\t\t\t\t\t\t\t\t\t\t\t\t\t<\/div>\n\t\t\t\t<\/div>\n\t\t\t\t\t<\/div>\n\t\t\t\t<\/div>\n\t\t\t\t<div class=\"elementor-element elementor-element-8eceddb elementor-widget elementor-widget-text-editor\" data-id=\"8eceddb\" data-element_type=\"widget\" data-e-type=\"widget\" data-widget_type=\"text-editor.default\">\n\t\t\t\t<div class=\"elementor-widget-container\">\n\t\t\t\t\t\t\t\t\t<p>In base all&#8217;indirizzo possiamo capire di quale gruppo di RAM si tratta, mentre decodificando con degli xor e or i valori scritti e letti possiamo trovare la memoria guasta.<\/p><p>Non sempre questo metodo \u00e8 preciso, mi sono capitati pi\u00f9 casi che la RAM segnalata fosse in realt\u00e0 buona, ma comunque \u00e8 sempre un aiuto e se andassimo alla cieca di sicuro dovremmo dissaldarle tutte.<\/p><p>Potete trovare una guida sul funzionamento ed uno script per la decodifica sul sito\u00a0<a style=\"text-align: var(--text-align); letter-spacing: 0px;\" href=\"https:\/\/www.nightfallcrew.com\/07\/05\/2015\/sinclair-ql-with-minerva-rom-faulty-ram-decoder-v0-1\/\" target=\"_blank\" rel=\"noopener\">nightfallcrew.com<\/a><\/p>\t\t\t\t\t\t\t\t<\/div>\n\t\t\t\t<\/div>\n\t\t<div class=\"elementor-element elementor-element-cc01dd4 e-flex e-con-boxed e-con e-child\" data-id=\"cc01dd4\" data-element_type=\"container\" data-e-type=\"container\">\n\t\t\t\t\t<div class=\"e-con-inner\">\n\t\t\t\t<div class=\"elementor-element elementor-element-c1ae8ca elementor-widget elementor-widget-text-editor\" data-id=\"c1ae8ca\" data-element_type=\"widget\" data-e-type=\"widget\" data-widget_type=\"text-editor.default\">\n\t\t\t\t<div class=\"elementor-widget-container\">\n\t\t\t\t\t\t\t\t\t<p><span style=\"font-family: Nunito; font-size: 18px; font-style: normal; font-variant-ligatures: normal; font-variant-caps: normal; font-weight: 400;\">Happy repair and subscribe to our channel!\u00a0<\/span><\/p>\t\t\t\t\t\t\t\t<\/div>\n\t\t\t\t<\/div>\n\t\t\t\t<div class=\"elementor-element elementor-element-b4385c6 elementor-widget elementor-widget-button\" data-id=\"b4385c6\" data-element_type=\"widget\" data-e-type=\"widget\" data-widget_type=\"button.default\">\n\t\t\t\t<div class=\"elementor-widget-container\">\n\t\t\t\t\t\t\t\t\t<div class=\"elementor-button-wrapper\">\n\t\t\t\t\t<a class=\"elementor-button elementor-button-link elementor-size-md\" href=\"https:\/\/www.youtube.com\/channel\/UCEw0CQ8LKyA9jVvWXkEwp4Q\/?view_as=subscriber?sub_confirmation=1\" target=\"_blank\">\n\t\t\t\t\t\t<span class=\"elementor-button-content-wrapper\">\n\t\t\t\t\t\t<span class=\"elementor-button-icon\">\n\t\t\t\t<i aria-hidden=\"true\" class=\"fab fa-youtube\"><\/i>\t\t\t<\/span>\n\t\t\t\t\t\t\t\t\t<span class=\"elementor-button-text\">Iscriviti al canale<\/span>\n\t\t\t\t\t<\/span>\n\t\t\t\t\t<\/a>\n\t\t\t\t<\/div>\n\t\t\t\t\t\t\t\t<\/div>\n\t\t\t\t<\/div>\n\t\t\t\t\t<\/div>\n\t\t\t\t<\/div>\n\t\t\t\t\t<\/div>\n\t\t\t\t<\/div>\n\t\t<div class=\"elementor-element elementor-element-9707279 e-con-full e-flex e-con e-parent\" data-id=\"9707279\" data-element_type=\"container\" data-e-type=\"container\" data-settings=\"{&quot;background_background&quot;:&quot;classic&quot;}\">\n\t\t\t\t<div class=\"elementor-element elementor-element-7ee4e13 elementor-widget elementor-widget-html\" data-id=\"7ee4e13\" data-element_type=\"widget\" data-e-type=\"widget\" data-widget_type=\"html.default\">\n\t\t\t\t<div class=\"elementor-widget-container\">\n\t\t\t\t\t<div class=\"mycheck\">\n    <label for=\"write\">WRITE: <\/label>\n    <input type=\"text\" id=\"wrt\" name=\"write\" maxlength=\"8\">&nbsp; <span style=\"font-size:0.8em\">(You can omit the nonsignificant zeros)<\/span>\n<\/div><div class=\"mycheck\">\n<label for=\"read\">READ: <\/label>\n<input type=\"text\" id=\"frd\" name=\"read\" maxlength=\"8\">\n<button onclick=\"checkval();\">Check RAM<\/button> <button onclick=\"clearall();\">Clear<\/button>\n<\/div><div class=\"mycheck\">\n<label for=\"address\">ADDRESS: <\/label>\n<select id=\"addr\" onchange=\"clearme()\">\n<option value=\"0\" selected disabled hidden>Select<\/option>\n    <option value=\"1\"><3000<\/option>\n    <option value=\"2\">>=3000 <$4000<\/option>\n    <option value=\"3\">>=4000<\/option>\n<\/select>&nbsp;\n<span id=\"mymessage\"><\/span>\n<\/div>\n<div class=\"myimage\">\n<span class=\"r1 ram\" id=\"r1\"><span class=\"ramtext\">IC1<\/span><\/span>\n<span class=\"r2 ram\" id=\"r2\"><span class=\"ramtext n2\">IC2<\/span><\/span>\n<span class=\"r3 ram\" id=\"r3\"><span class=\"ramtext n2\">IC3<\/span><\/span>\n<span class=\"r4 ram\" id=\"r4\"><span class=\"ramtext n2\">IC4<\/span><\/span>\n<span class=\"r5 ram\" id=\"r5\"><span class=\"ramtext n2\">IC5<\/span><\/span>\n<span class=\"r6 ram\" id=\"r6\"><span class=\"ramtext n2\">IC6<\/span><\/span>\n<span class=\"r7 ram\" id=\"r7\"><span class=\"ramtext n2\">IC7<\/span><\/span>\n<span class=\"r8 ram\" id=\"r8\"><span class=\"ramtext n2\">IC8<\/span><\/span>\n<span class=\"r9 ram\" id=\"r9\"><span class=\"ramtext n2\">IC9<\/span><\/span>\n<span class=\"r10 ram\" id=\"r10\"><span class=\"ramtext n3\">IC10<\/span><\/span>\n<span class=\"r11 ram\" id=\"r11\"><span class=\"ramtext n3\">IC11<\/span><\/span>\n<span class=\"r12 ram\" id=\"r12\"><span class=\"ramtext n3\">IC12<\/span><\/span>\n<span class=\"r13 ram\" id=\"r13\"><span class=\"ramtext n3\">IC13<\/span><\/span>\n<span class=\"r14 ram\" id=\"r14\"><span class=\"ramtext n3\">IC14<\/span><\/span>\n<span class=\"r15 ram\" id=\"r15\"><span class=\"ramtext n3\">IC15<\/span><\/span>\n<span class=\"r16 ram\" id=\"r16\"><span class=\"ramtext n3\">IC16<\/span><\/span>\n\n\n<img decoding=\"async\" id=\"myboard\" src=\"\/wp-content\/uploads\/2023\/10\/QL_board.png\" class=\"divboard\">\n<\/div>\n\n<script>\nvar input = document.getElementById('wrt');\ninput.addEventListener('keyup', (event) => {\n  let regEx = \/^[0-9a-fA-F]+$\/;\n  let isHex = regEx.test(event.target.value.toString());\n  if(!isHex) {\n    input.value = input.value.slice(0, -1);\n  }\n});\n\nvar input = document.getElementById('frd');\ninput.addEventListener('keyup', (event) => {\n  let regEx = \/^[0-9a-fA-F]+$\/;\n  let isHex = regEx.test(event.target.value.toString());\n  if(!isHex) {\n    input.value = input.value.slice(0, -1);\n  }\n});\n\nfunction clearme() {\ndocument.getElementById(\"mymessage\").textContent=\"\";\n for (i=1;i<17;i++){\n         document.getElementById(\"r\"+i).style.outlineStyle='none';\n}\n}\n\nfunction clearall() {\ndocument.getElementById(\"wrt\").value=\"\";\ndocument.getElementById(\"frd\").value=\"\";\ndocument.getElementById(\"addr\").value=\"0\";\nclearme();\n}\n\n\/\/controllo dati\nfunction checkval() {\n\n for (i=1;i<17;i++){\n         document.getElementById(\"r\"+i).style.outlineStyle='none';\n}\n\n\n  var write = document.getElementById(\"wrt\").value;\n  var read = document.getElementById(\"frd\").value;\n  var a = document.getElementById(\"addr\").value;\n  var myram =\"\";\n  \n  if (write.length<1) {\n  document.getElementById(\"mymessage\").textContent=\"Write string is empty\";\n  return;\n      \n  }\n  if (read.length<1) {\n  document.getElementById(\"mymessage\").textContent=\"Read string is empty\";\n  return;\n  }\n  \/\/var write = \"548C4878\";\n  \/\/var read  = \"5CCD5CCD\";\n  var address = \"00032000\";\n  var results = 0;\n  var txtram = \"\";\n  for (i = 0; i<= 6; i+=2)\n{\n    results = results|parseInt(write.substr(i, 2),16)^parseInt(read.substr(i, 2),16);\n}\n results=\"00000000\"+results.toString(2);\n results=results.substr(results.length - 8);\n \n switch (a) {\n case \"1\":\n    for (i=0; i<8; i++) {\n     if (results.substr(i,1)=='1') { \/\/it's bad\n        if (txtram!=\"\") txtram+=\", \";\n        txtram+=\"IC\"+(8-i);\n         document.getElementById(\"r\"+(8-i)).style.outlineColor='#ff0';\n         document.getElementById(\"r\"+(8-i)).style.outlineStyle='solid';\n     }\n }\n document.getElementById(\"mymessage\").textContent=\"Bad RAM: \"+txtram;\n     break;\ncase \"2\":\n    for (i=0; i<8; i++) {\n     if (results.substr(i,1)=='1') { \/\/it's bad\n          if (txtram!=\"\") txtram+=\", \";\n            txtram+=\"IC\"+(16-i);\n         document.getElementById(\"r\"+(16-i)).style.outlineColor='#ff0';\n         document.getElementById(\"r\"+(16-i)).style.outlineStyle='solid';\n     }\n }\n document.getElementById(\"mymessage\").textContent=\"Bad RAM: \"+txtram;\n     break;\ncase \"3\":\n    document.getElementById(\"mymessage\").textContent=\"Faulty RAM on expansion\";\n     break;\ndefault:\n    document.getElementById(\"mymessage\").textContent=\"Address not selected!\";\n    break;         \n }\n \n\n\/\/alert(results.substr(results.length - 8));\n\n}\n\n<\/script>\t\t\t\t<\/div>\n\t\t\t\t<\/div>\n\t\t\t\t<\/div>\n\t\t<div class=\"elementor-element elementor-element-0dba8ea e-flex e-con-boxed e-con e-parent\" data-id=\"0dba8ea\" data-element_type=\"container\" data-e-type=\"container\">\n\t\t\t\t\t<div class=\"e-con-inner\">\n\t\t\t\t<div class=\"elementor-element elementor-element-2c6e5e3 elementor-widget elementor-widget-heading\" data-id=\"2c6e5e3\" data-element_type=\"widget\" data-e-type=\"widget\" data-widget_type=\"heading.default\">\n\t\t\t\t<div class=\"elementor-widget-container\">\n\t\t\t\t\t<h3 class=\"elementor-heading-title elementor-size-default\">Altri articoli sui guasti<\/h3>\t\t\t\t<\/div>\n\t\t\t\t<\/div>\n\t\t\t\t<div class=\"elementor-element elementor-element-fff462d elementor-grid-3 elementor-grid-tablet-2 elementor-grid-mobile-1 elementor-posts--thumbnail-top elementor-widget elementor-widget-posts\" data-id=\"fff462d\" data-element_type=\"widget\" data-e-type=\"widget\" data-settings=\"{&quot;classic_columns&quot;:&quot;3&quot;,&quot;classic_columns_tablet&quot;:&quot;2&quot;,&quot;classic_columns_mobile&quot;:&quot;1&quot;,&quot;classic_row_gap&quot;:{&quot;unit&quot;:&quot;px&quot;,&quot;size&quot;:35,&quot;sizes&quot;:[]},&quot;classic_row_gap_tablet&quot;:{&quot;unit&quot;:&quot;px&quot;,&quot;size&quot;:&quot;&quot;,&quot;sizes&quot;:[]},&quot;classic_row_gap_mobile&quot;:{&quot;unit&quot;:&quot;px&quot;,&quot;size&quot;:&quot;&quot;,&quot;sizes&quot;:[]}}\" data-widget_type=\"posts.classic\">\n\t\t\t\t<div class=\"elementor-widget-container\">\n\t\t\t\t\t\t\t<div class=\"elementor-posts-container elementor-posts elementor-posts--skin-classic elementor-grid\" role=\"list\">\n\t\t\t\t<article class=\"elementor-post elementor-grid-item post-2941 post type-post status-publish format-standard has-post-thumbnail hentry category-commodore category-computer tag-biscottone tag-black-screen tag-c64 tag-commodore-64 tag-deadtest tag-diagnostica tag-ram-guasta tag-schermo-nero\" role=\"listitem\">\n\t\t\t\t<a class=\"elementor-post__thumbnail__link\" href=\"https:\/\/retrofixer.it\/en\/biscottone-black-screen-fix\/\" tabindex=\"-1\" >\n\t\t\t<div class=\"elementor-post__thumbnail\"><img decoding=\"async\" width=\"300\" height=\"169\" src=\"https:\/\/retrofixer.it\/wp-content\/uploads\/2021\/05\/c64_repair-300x169.jpg\" class=\"attachment-medium size-medium wp-image-2943\" alt=\"\" srcset=\"https:\/\/retrofixer.it\/wp-content\/uploads\/2021\/05\/c64_repair-300x169.jpg 300w, https:\/\/retrofixer.it\/wp-content\/uploads\/2021\/05\/c64_repair-1024x576.jpg 1024w, https:\/\/retrofixer.it\/wp-content\/uploads\/2021\/05\/c64_repair-768x432.jpg 768w, https:\/\/retrofixer.it\/wp-content\/uploads\/2021\/05\/c64_repair-1536x864.jpg 1536w, https:\/\/retrofixer.it\/wp-content\/uploads\/2021\/05\/c64_repair-16x9.jpg 16w, https:\/\/retrofixer.it\/wp-content\/uploads\/2021\/05\/c64_repair-260x146.jpg 260w, https:\/\/retrofixer.it\/wp-content\/uploads\/2021\/05\/c64_repair-50x28.jpg 50w, https:\/\/retrofixer.it\/wp-content\/uploads\/2021\/05\/c64_repair-133x75.jpg 133w, https:\/\/retrofixer.it\/wp-content\/uploads\/2021\/05\/c64_repair-1200x675.jpg 1200w, https:\/\/retrofixer.it\/wp-content\/uploads\/2021\/05\/c64_repair.jpg 1920w\" sizes=\"(max-width:767px) 300px, 300px\" \/><\/div>\n\t\t<\/a>\n\t\t\t\t<div class=\"elementor-post__text\">\n\t\t\t\t<h3 class=\"elementor-post__title\">\n\t\t\t<a href=\"https:\/\/retrofixer.it\/en\/biscottone-black-screen-fix\/\" >\n\t\t\t\tBiscottone &#8220;black screen fix&#8221;\t\t\t<\/a>\n\t\t<\/h3>\n\t\t\t\t<div class=\"elementor-post__excerpt\">\n\t\t\t<p>Riparazione Commodore 64 con schermo nero. Questo sintomo pi\u00f2 essere causato da divesi componenti, vediamo di capire meglio quali e come andare avanti nel ripristino.<\/p>\n\t\t<\/div>\n\t\t\n\t\t<a class=\"elementor-post__read-more\" href=\"https:\/\/retrofixer.it\/en\/biscottone-black-screen-fix\/\" aria-label=\"Read more about Biscottone &#8220;black screen fix&#8221;\" tabindex=\"-1\" >\n\t\t\tLeggi Tutto \u00bb\t\t<\/a>\n\n\t\t\t\t<\/div>\n\t\t\t\t<\/article>\n\t\t\t\t<article class=\"elementor-post elementor-grid-item post-1401 post type-post status-publish format-standard has-post-thumbnail hentry category-commodore category-computer tag-cartuccia-diagnostica tag-commodore tag-dead-test tag-diagnostic-card tag-test-commodore\" role=\"listitem\">\n\t\t\t\t<a class=\"elementor-post__thumbnail__link\" href=\"https:\/\/retrofixer.it\/en\/schede-diagnostiche-commodore\/\" tabindex=\"-1\" >\n\t\t\t<div class=\"elementor-post__thumbnail\"><img decoding=\"async\" width=\"300\" height=\"206\" src=\"https:\/\/retrofixer.it\/wp-content\/uploads\/2021\/01\/diag_cart-300x206.jpg\" class=\"attachment-medium size-medium wp-image-1404\" alt=\"\" srcset=\"https:\/\/retrofixer.it\/wp-content\/uploads\/2021\/01\/diag_cart-300x206.jpg 300w, https:\/\/retrofixer.it\/wp-content\/uploads\/2021\/01\/diag_cart-1024x705.jpg 1024w, https:\/\/retrofixer.it\/wp-content\/uploads\/2021\/01\/diag_cart-768x529.jpg 768w, https:\/\/retrofixer.it\/wp-content\/uploads\/2021\/01\/diag_cart-16x12.jpg 16w, https:\/\/retrofixer.it\/wp-content\/uploads\/2021\/01\/diag_cart-212x146.jpg 212w, https:\/\/retrofixer.it\/wp-content\/uploads\/2021\/01\/diag_cart-50x34.jpg 50w, https:\/\/retrofixer.it\/wp-content\/uploads\/2021\/01\/diag_cart-109x75.jpg 109w, https:\/\/retrofixer.it\/wp-content\/uploads\/2021\/01\/diag_cart.jpg 1235w\" sizes=\"(max-width:767px) 300px, 300px\" \/><\/div>\n\t\t<\/a>\n\t\t\t\t<div class=\"elementor-post__text\">\n\t\t\t\t<h3 class=\"elementor-post__title\">\n\t\t\t<a href=\"https:\/\/retrofixer.it\/en\/schede-diagnostiche-commodore\/\" >\n\t\t\t\tSchede diagnostiche Commodore\t\t\t<\/a>\n\t\t<\/h3>\n\t\t\t\t<div class=\"elementor-post__excerpt\">\n\t\t\t<p>Queste cartucce servono per testare il funzionamento del computer in caso non si accenda o per verificare alcuni componenti interni.<br \/>\nVediamo come usarle.<\/p>\n\t\t<\/div>\n\t\t\n\t\t<a class=\"elementor-post__read-more\" href=\"https:\/\/retrofixer.it\/en\/schede-diagnostiche-commodore\/\" aria-label=\"Read more about Schede diagnostiche Commodore\" tabindex=\"-1\" >\n\t\t\tLeggi Tutto \u00bb\t\t<\/a>\n\n\t\t\t\t<\/div>\n\t\t\t\t<\/article>\n\t\t\t\t<article class=\"elementor-post elementor-grid-item post-92 post type-post status-publish format-standard has-post-thumbnail hentry category-commodore tag-c64 tag-fix tag-repair tag-ricerca-guasti\" role=\"listitem\">\n\t\t\t\t<a class=\"elementor-post__thumbnail__link\" href=\"https:\/\/retrofixer.it\/en\/ricerca-guasti-commodore-64\/\" tabindex=\"-1\" >\n\t\t\t<div class=\"elementor-post__thumbnail\"><img loading=\"lazy\" decoding=\"async\" width=\"300\" height=\"128\" src=\"https:\/\/retrofixer.it\/wp-content\/uploads\/2020\/05\/c64-mainboard-300x128.png\" class=\"attachment-medium size-medium wp-image-109\" alt=\"\" srcset=\"https:\/\/retrofixer.it\/wp-content\/uploads\/2020\/05\/c64-mainboard-300x128.png 300w, https:\/\/retrofixer.it\/wp-content\/uploads\/2020\/05\/c64-mainboard-260x111.png 260w, https:\/\/retrofixer.it\/wp-content\/uploads\/2020\/05\/c64-mainboard-50x21.png 50w, https:\/\/retrofixer.it\/wp-content\/uploads\/2020\/05\/c64-mainboard-150x64.png 150w, https:\/\/retrofixer.it\/wp-content\/uploads\/2020\/05\/c64-mainboard.png 584w\" sizes=\"(max-width:767px) 300px, 300px\" \/><\/div>\n\t\t<\/a>\n\t\t\t\t<div class=\"elementor-post__text\">\n\t\t\t\t<h3 class=\"elementor-post__title\">\n\t\t\t<a href=\"https:\/\/retrofixer.it\/en\/ricerca-guasti-commodore-64\/\" >\n\t\t\t\tRicerca guasti Commodore 64\t\t\t<\/a>\n\t\t<\/h3>\n\t\t\t\t<div class=\"elementor-post__excerpt\">\n\t\t\t<p>Questi appunti sono frutto di riparazioni effettuate, potrebbero non essere adatte a tutti i modelli, vanno prese come spunto per capire quali possano essere le cause<\/p>\n\t\t<\/div>\n\t\t\n\t\t<a class=\"elementor-post__read-more\" href=\"https:\/\/retrofixer.it\/en\/ricerca-guasti-commodore-64\/\" aria-label=\"Read more about Ricerca guasti Commodore 64\" tabindex=\"-1\" >\n\t\t\tLeggi Tutto \u00bb\t\t<\/a>\n\n\t\t\t\t<\/div>\n\t\t\t\t<\/article>\n\t\t\t\t<\/div>\n\t\t\n\t\t\t\t\t\t<\/div>\n\t\t\t\t<\/div>\n\t\t\t\t\t<\/div>\n\t\t\t\t<\/div>\n\t\t\t\t<\/div>\n\t\t","protected":false},"excerpt":{"rendered":"<p>Con questa applicazione vogliamo aiutare tutti i possessori del Sinclair QL ad identificare la RAM guasta, basandoci sulla schermata che ci dar\u00e0 la ROM Minerva. Qui<span class=\"excerpt-hellip\"> [\u2026]<\/span><\/p>\n","protected":false},"author":1,"featured_media":0,"parent":0,"menu_order":0,"comment_status":"closed","ping_status":"closed","template":"","meta":{"footnotes":""},"categories":[19,62],"tags":[409,296,413,414,408,67,251,360],"class_list":["post-7833","page","type-page","status-publish","hentry","category-computer","category-sinclair","tag-componenti","tag-computer","tag-map","tag-mappa","tag-posizione","tag-ram","tag-sinclair","tag-sostituzione"],"_links":{"self":[{"href":"https:\/\/retrofixer.it\/en\/wp-json\/wp\/v2\/pages\/7833","targetHints":{"allow":["GET"]}}],"collection":[{"href":"https:\/\/retrofixer.it\/en\/wp-json\/wp\/v2\/pages"}],"about":[{"href":"https:\/\/retrofixer.it\/en\/wp-json\/wp\/v2\/types\/page"}],"author":[{"embeddable":true,"href":"https:\/\/retrofixer.it\/en\/wp-json\/wp\/v2\/users\/1"}],"replies":[{"embeddable":true,"href":"https:\/\/retrofixer.it\/en\/wp-json\/wp\/v2\/comments?post=7833"}],"version-history":[{"count":302,"href":"https:\/\/retrofixer.it\/en\/wp-json\/wp\/v2\/pages\/7833\/revisions"}],"predecessor-version":[{"id":9451,"href":"https:\/\/retrofixer.it\/en\/wp-json\/wp\/v2\/pages\/7833\/revisions\/9451"}],"wp:attachment":[{"href":"https:\/\/retrofixer.it\/en\/wp-json\/wp\/v2\/media?parent=7833"}],"wp:term":[{"taxonomy":"category","embeddable":true,"href":"https:\/\/retrofixer.it\/en\/wp-json\/wp\/v2\/categories?post=7833"},{"taxonomy":"post_tag","embeddable":true,"href":"https:\/\/retrofixer.it\/en\/wp-json\/wp\/v2\/tags?post=7833"}],"curies":[{"name":"wp","href":"https:\/\/api.w.org\/{rel}","templated":true}]}}