{"id":892,"date":"2020-07-03T21:09:45","date_gmt":"2020-07-03T19:09:45","guid":{"rendered":"https:\/\/retrofixes.it\/?page_id=892"},"modified":"2023-03-28T09:46:09","modified_gmt":"2023-03-28T07:46:09","slug":"articoli-sinclair","status":"publish","type":"page","link":"https:\/\/retrofixer.it\/en\/articoli-sinclair\/","title":{"rendered":"Sinclair articles"},"content":{"rendered":"<div data-elementor-type=\"wp-page\" data-elementor-id=\"892\" class=\"elementor elementor-892\" data-elementor-post-type=\"page\">\n\t\t\t\t\t\t<section class=\"elementor-section elementor-top-section elementor-element elementor-element-bad3431 elementor-section-boxed elementor-section-height-default elementor-section-height-default\" data-id=\"bad3431\" data-element_type=\"section\" data-e-type=\"section\">\n\t\t\t\t\t\t<div class=\"elementor-container elementor-column-gap-default\">\n\t\t\t\t\t<div class=\"elementor-column elementor-col-100 elementor-top-column elementor-element elementor-element-50fdb51\" data-id=\"50fdb51\" data-element_type=\"column\" data-e-type=\"column\">\n\t\t\t<div class=\"elementor-widget-wrap elementor-element-populated\">\n\t\t\t\t\t\t<div class=\"elementor-element elementor-element-03506bb elementor-headline--style-highlight elementor-widget elementor-widget-animated-headline\" data-id=\"03506bb\" data-element_type=\"widget\" data-e-type=\"widget\" data-settings=\"{&quot;marker&quot;:&quot;underline&quot;,&quot;highlighted_text&quot;:&quot;10&quot;,&quot;headline_style&quot;:&quot;highlight&quot;,&quot;loop&quot;:&quot;yes&quot;,&quot;highlight_animation_duration&quot;:1200,&quot;highlight_iteration_delay&quot;:8000}\" data-widget_type=\"animated-headline.default\">\n\t\t\t\t<div class=\"elementor-widget-container\">\n\t\t\t\t\t\t\t<h2 class=\"elementor-headline\">\n\t\t\t\t\t<span class=\"elementor-headline-plain-text elementor-headline-text-wrapper\">TOP<\/span>\n\t\t\t\t<span class=\"elementor-headline-dynamic-wrapper elementor-headline-text-wrapper\">\n\t\t\t\t\t<span class=\"elementor-headline-dynamic-text elementor-headline-text-active\">10<\/span>\n\t\t\t\t<\/span>\n\t\t\t\t\t<span class=\"elementor-headline-plain-text elementor-headline-text-wrapper\">Articles<\/span>\n\t\t\t\t\t<\/h2>\n\t\t\t\t\t\t<\/div>\n\t\t\t\t<\/div>\n\t\t\t\t\t<\/div>\n\t\t<\/div>\n\t\t\t\t\t<\/div>\n\t\t<\/section>\n\t\t\t\t<section class=\"elementor-section elementor-top-section elementor-element elementor-element-394a793 elementor-section-stretched elementor-section-boxed elementor-section-height-default elementor-section-height-default\" data-id=\"394a793\" data-element_type=\"section\" data-e-type=\"section\" data-settings=\"{&quot;stretch_section&quot;:&quot;section-stretched&quot;,&quot;shape_divider_bottom&quot;:&quot;opacity-tilt&quot;}\">\n\t\t\t\t\t<div class=\"elementor-shape elementor-shape-bottom\" aria-hidden=\"true\" data-negative=\"false\">\n\t\t\t<svg xmlns=\"http:\/\/www.w3.org\/2000\/svg\" viewbox=\"0 0 2600 131.1\" preserveaspectratio=\"none\">\n\t<path class=\"elementor-shape-fill\" d=\"M0 0L2600 0 2600 69.1 0 0z\"\/>\n\t<path class=\"elementor-shape-fill\" style=\"opacity:0.5\" d=\"M0 0L2600 0 2600 69.1 0 69.1z\"\/>\n\t<path class=\"elementor-shape-fill\" style=\"opacity:0.25\" d=\"M2600 0L0 0 0 130.1 2600 69.1z\"\/>\n<\/svg>\t\t<\/div>\n\t\t\t\t\t<div class=\"elementor-container elementor-column-gap-default\">\n\t\t\t\t\t<div class=\"elementor-column elementor-col-100 elementor-top-column elementor-element elementor-element-ce18536\" data-id=\"ce18536\" data-element_type=\"column\" data-e-type=\"column\">\n\t\t\t<div class=\"elementor-widget-wrap\">\n\t\t\t\t\t\t\t<\/div>\n\t\t<\/div>\n\t\t\t\t\t<\/div>\n\t\t<\/section>\n\t\t\t\t<section class=\"elementor-section elementor-top-section elementor-element elementor-element-ed74d88 elementor-section-stretched elementor-section-boxed elementor-section-height-default elementor-section-height-default\" data-id=\"ed74d88\" data-element_type=\"section\" data-e-type=\"section\" data-settings=\"{&quot;stretch_section&quot;:&quot;section-stretched&quot;,&quot;background_background&quot;:&quot;classic&quot;}\">\n\t\t\t\t\t\t<div class=\"elementor-container elementor-column-gap-default\">\n\t\t\t\t\t<div class=\"elementor-column elementor-col-100 elementor-top-column elementor-element elementor-element-d33972d\" data-id=\"d33972d\" data-element_type=\"column\" data-e-type=\"column\">\n\t\t\t<div class=\"elementor-widget-wrap elementor-element-populated\">\n\t\t\t\t\t\t<div class=\"elementor-element elementor-element-6c154b3 elementor-widget elementor-widget-mfn_blog_news\" data-id=\"6c154b3\" data-element_type=\"widget\" data-e-type=\"widget\" data-widget_type=\"mfn_blog_news.default\">\n\t\t\t\t<div class=\"elementor-widget-container\">\n\t\t\t\t\t<div class=\"Latest_news featured\"><h3 class=\"title\">Latest articles only Sinclair<\/h3><ul class=\"ul-first\"><li class=\"post-10516 post type-post status-publish format-standard has-post-thumbnail hentry category-computer category-sinclair tag-rom tag-sinclair tag-zx-spectrum\"><div class=\"photo\"><a href=\"https:\/\/retrofixer.it\/en\/cambiare-la-rom-dello-zx-spectrum\/\"><img fetchpriority=\"high\" decoding=\"async\" width=\"960\" height=\"720\" src=\"https:\/\/retrofixer.it\/wp-content\/uploads\/2025\/08\/spectrum_rom-960x720.webp\" class=\"scale-with-grid wp-post-image\" alt=\"\" \/><\/a><\/div><div class=\"desc\"><h4 class=\"\"><a href=\"https:\/\/retrofixer.it\/en\/cambiare-la-rom-dello-zx-spectrum\/\">Cambiare la ROM dello ZX Spectrum<\/a><\/h4><div class=\"desc_footer\"><span class=\"date\"><i class=\"icon-clock\"><\/i> 26 August 2025<\/span><i class=\"icon-comment-empty-fa\"><\/i> <a href=\"https:\/\/retrofixer.it\/en\/cambiare-la-rom-dello-zx-spectrum\/#respond\" class=\"post-comments\">0<\/a><div class=\"button-love\"><a href=\"#\" class=\"mfn-love\" data-id=\"10516\"><span class=\"icons-wrapper\"><i class=\"icon-heart-empty-fa\"><\/i><i class=\"icon-heart-fa\"><\/i><\/span><span class=\"label\">1<\/span><\/a><\/div><\/div><\/div><\/li><\/ul><ul class=\"ul-second\"><li class=\"post-9438 post type-post status-publish format-standard has-post-thumbnail hentry category-computer category-sinclair tag-firmware tag-minerva tag-os tag-ql tag-rom tag-sinclair\"><div class=\"photo\"><a href=\"https:\/\/retrofixer.it\/en\/rom-minerva\/\"><img decoding=\"async\" width=\"960\" height=\"597\" src=\"https:\/\/retrofixer.it\/wp-content\/uploads\/2025\/02\/minerva-960x597.jpg\" class=\"scale-with-grid wp-post-image\" alt=\"\" \/><\/a><\/div><div class=\"desc\"><h5 class=\"\"><a href=\"https:\/\/retrofixer.it\/en\/rom-minerva\/\">ROM Minerva<\/a><\/h5><div class=\"desc_footer\"><span class=\"date\"><i class=\"icon-clock\"><\/i> 8 February 2025<\/span><i class=\"icon-comment-empty-fa\"><\/i> <a href=\"https:\/\/retrofixer.it\/en\/rom-minerva\/#comments\" class=\"post-comments\">3<\/a><div class=\"button-love\"><a href=\"#\" class=\"mfn-love\" data-id=\"9438\"><span class=\"icons-wrapper\"><i class=\"icon-heart-empty-fa\"><\/i><i class=\"icon-heart-fa\"><\/i><\/span><span class=\"label\">0<\/span><\/a><\/div><\/div><\/div><\/li><li class=\"post-869 post type-post status-publish format-standard has-post-thumbnail hentry category-computer category-sinclair tag-composite-mod tag-composito tag-modifica tag-sinclair tag-spectrum tag-zx\"><div class=\"photo\"><a href=\"https:\/\/retrofixer.it\/en\/spectrum-zx-composito\/\"><img decoding=\"async\" width=\"600\" height=\"296\" src=\"https:\/\/retrofixer.it\/wp-content\/uploads\/2020\/07\/zx_comp_mod.jpg\" class=\"scale-with-grid wp-post-image\" alt=\"\" srcset=\"https:\/\/retrofixer.it\/wp-content\/uploads\/2020\/07\/zx_comp_mod.jpg 600w, https:\/\/retrofixer.it\/wp-content\/uploads\/2020\/07\/zx_comp_mod-300x148.jpg 300w, https:\/\/retrofixer.it\/wp-content\/uploads\/2020\/07\/zx_comp_mod-260x128.jpg 260w, https:\/\/retrofixer.it\/wp-content\/uploads\/2020\/07\/zx_comp_mod-50x25.jpg 50w, https:\/\/retrofixer.it\/wp-content\/uploads\/2020\/07\/zx_comp_mod-150x75.jpg 150w\" sizes=\"(max-width:767px) 480px, 600px\" \/><\/a><\/div><div class=\"desc\"><h5 class=\"\"><a href=\"https:\/\/retrofixer.it\/en\/spectrum-zx-composito\/\">ZX Spectrum composite mod<\/a><\/h5><div class=\"desc_footer\"><span class=\"date\"><i class=\"icon-clock\"><\/i> 30 June 2020<\/span><i class=\"icon-comment-empty-fa\"><\/i> <a href=\"https:\/\/retrofixer.it\/en\/spectrum-zx-composito\/#respond\" class=\"post-comments\">0<\/a><div class=\"button-love\"><a href=\"#\" class=\"mfn-love\" data-id=\"869\"><span class=\"icons-wrapper\"><i class=\"icon-heart-empty-fa\"><\/i><i class=\"icon-heart-fa\"><\/i><\/span><span class=\"label\">3<\/span><\/a><\/div><\/div><\/div><\/li><\/ul><\/div>\n\t\t\t\t<\/div>\n\t\t\t\t<\/div>\n\t\t\t\t\t<\/div>\n\t\t<\/div>\n\t\t\t\t\t<\/div>\n\t\t<\/section>\n\t\t\t\t<\/div>","protected":false},"excerpt":{"rendered":"<p>TOP Articoli Ultimi articoli solo Sinclair Spectrum ZX composito 30 Giugno 2020 00L&#8217;immagine RF dello Spectrum non \u00e8 poi cos\u00ec male, ma lo si pu\u00f2 collegare<span class=\"excerpt-hellip\"> [\u2026]<\/span><\/p>\n","protected":false},"author":1,"featured_media":0,"parent":0,"menu_order":0,"comment_status":"closed","ping_status":"closed","template":"","meta":{"footnotes":""},"categories":[],"tags":[],"class_list":["post-892","page","type-page","status-publish","hentry"],"_links":{"self":[{"href":"https:\/\/retrofixer.it\/en\/wp-json\/wp\/v2\/pages\/892","targetHints":{"allow":["GET"]}}],"collection":[{"href":"https:\/\/retrofixer.it\/en\/wp-json\/wp\/v2\/pages"}],"about":[{"href":"https:\/\/retrofixer.it\/en\/wp-json\/wp\/v2\/types\/page"}],"author":[{"embeddable":true,"href":"https:\/\/retrofixer.it\/en\/wp-json\/wp\/v2\/users\/1"}],"replies":[{"embeddable":true,"href":"https:\/\/retrofixer.it\/en\/wp-json\/wp\/v2\/comments?post=892"}],"version-history":[{"count":0,"href":"https:\/\/retrofixer.it\/en\/wp-json\/wp\/v2\/pages\/892\/revisions"}],"wp:attachment":[{"href":"https:\/\/retrofixer.it\/en\/wp-json\/wp\/v2\/media?parent=892"}],"wp:term":[{"taxonomy":"category","embeddable":true,"href":"https:\/\/retrofixer.it\/en\/wp-json\/wp\/v2\/categories?post=892"},{"taxonomy":"post_tag","embeddable":true,"href":"https:\/\/retrofixer.it\/en\/wp-json\/wp\/v2\/tags?post=892"}],"curies":[{"name":"wp","href":"https:\/\/api.w.org\/{rel}","templated":true}]}}