{"id":9120,"date":"2024-03-18T17:18:27","date_gmt":"2024-03-18T16:18:27","guid":{"rendered":"https:\/\/retrofixer.it\/?page_id=9120"},"modified":"2024-03-19T16:32:50","modified_gmt":"2024-03-19T15:32:50","slug":"patreon","status":"publish","type":"page","link":"https:\/\/retrofixer.it\/en\/patreon\/","title":{"rendered":"Patreon"},"content":{"rendered":"<div data-elementor-type=\"wp-page\" data-elementor-id=\"9120\" class=\"elementor elementor-9120\" data-elementor-post-type=\"page\">\n\t\t\t\t<div class=\"elementor-element elementor-element-6c984be e-flex e-con-boxed e-con e-parent\" data-id=\"6c984be\" data-element_type=\"container\" data-e-type=\"container\">\n\t\t\t\t\t<div class=\"e-con-inner\">\n\t\t\t\t<div class=\"elementor-element elementor-element-693897c elementor-widget elementor-widget-text-editor\" data-id=\"693897c\" data-element_type=\"widget\" data-e-type=\"widget\" data-widget_type=\"text-editor.default\">\n\t\t\t\t<div class=\"elementor-widget-container\">\n\t\t\t\t\t\t\t\t\t<h4><span style=\"color: #ffcc00;\">Cos&#8217;\u00e8 Patreon?<\/span><\/h4><p>Patreon \u00e8 un sistema che ti consente di sostenere i creators che pi\u00f9 ti piacciono.<br \/>E&#8217; un modo per farci sapere che ti interessano le nostre creazioni, i nostri video ecc..<br \/>Ci consente di offrirvi qualcosa in cambio che possa essere pertinente alle nostre realizzazioni.<\/p><h4><span style=\"color: #ff9900;\">Come funziona?<\/span><\/h4><p>Ci sono diversi livelli, partendo da quello gratuito fino al 3\u00b0livello, per ogni livello ci sono dei bonus che vi diamo come ringraziamento del vostro supporto.<\/p><p>Eccovi un riepilogo:<br \/><strong><span style=\"color: #ffff99;\">Gratuito:<\/span><\/strong><br \/>Potete iscrivervi gratuitamente cos\u00ec vedrete quando pubblicheremo nuovi aggiornamenti, alcuni aggiornamenti li facciamo per tutti, altri li possiamo mettere in seguito disponibili per tutti.<\/p><p><strong><span style=\"color: #ffff99;\">16Kb (primo livello):<\/span><\/strong><br \/>Con questo supporto avrete accesso anticipato ai nostri video e senza pubblicit\u00e0 fino alla pubblicazione.<br \/>Il vostro nome comparir\u00e0 nella schermata di ringraziamento<\/p><p><span style=\"color: #ffff99;\"><strong>32Kb (secondo livello):<\/strong><\/span><br \/>Si hanno gli stessi benefit del livello precedente con l&#8217;aggiunta di poter accedere alla pagina downloads riservata ai Patreons<\/p><p><strong><span style=\"color: #ffff99;\">64Kb (terzo livello):<\/span><\/strong><br \/>Tutti i bonus descritti prima pi\u00f9 la possibilit\u00e0 di vedere i dietro le quinte \/ retroscena e novit\u00e0 che abbiamo sotto mano.<\/p>\t\t\t\t\t\t\t\t<\/div>\n\t\t\t\t<\/div>\n\t\t\t\t<div class=\"elementor-element elementor-element-e0b8b8b elementor-button-danger elementor-align-center elementor-widget elementor-widget-button\" data-id=\"e0b8b8b\" data-element_type=\"widget\" data-e-type=\"widget\" data-widget_type=\"button.default\">\n\t\t\t\t<div class=\"elementor-widget-container\">\n\t\t\t\t\t\t\t\t\t<div class=\"elementor-button-wrapper\">\n\t\t\t\t\t<a class=\"elementor-button elementor-button-link elementor-size-sm\" href=\"https:\/\/www.patreon.com\/retrofixer\">\n\t\t\t\t\t\t<span class=\"elementor-button-content-wrapper\">\n\t\t\t\t\t\t<span class=\"elementor-button-icon\">\n\t\t\t\t<i aria-hidden=\"true\" class=\"fab fa-patreon\"><\/i>\t\t\t<\/span>\n\t\t\t\t\t\t\t\t\t<span class=\"elementor-button-text\">PATREON<\/span>\n\t\t\t\t\t<\/span>\n\t\t\t\t\t<\/a>\n\t\t\t\t<\/div>\n\t\t\t\t\t\t\t\t<\/div>\n\t\t\t\t<\/div>\n\t\t\t\t<div class=\"elementor-element elementor-element-dc6790b elementor-widget elementor-widget-text-editor\" data-id=\"dc6790b\" data-element_type=\"widget\" data-e-type=\"widget\" data-widget_type=\"text-editor.default\">\n\t\t\t\t<div class=\"elementor-widget-container\">\n\t\t\t\t\t\t\t\t\t<p>Il vostro supporto \u00e8 prezioso! Cerchiamo di rendere tutto quello che facciamo disponibile per tutti.<br \/>Chiediamo per questo di iscrivervi al canale che \u00e8 gratuito e a noi aiuta a farci conoscere.<br \/>Purtroppo queste cose non bastano e abbiamo scelto questo sistema per sostenere un minimo di spese tra l&#8217;hosting per il sito web e le spese relative al canale. Non ci guadagniamo nulla, tra quello che racimoliamo da YT e Patreon forse riusciamo a pagarci un mese di hosting e un plugin del sito.<\/p>\t\t\t\t\t\t\t\t<\/div>\n\t\t\t\t<\/div>\n\t\t\t\t\t<\/div>\n\t\t\t\t<\/div>\n\t\t\t\t<\/div>","protected":false},"excerpt":{"rendered":"<p>Cos&#8217;\u00e8 Patreon? Patreon \u00e8 un sistema che ti consente di sostenere i creators che pi\u00f9 ti piacciono.E&#8217; un modo per farci sapere che ti interessano le<span class=\"excerpt-hellip\"> [\u2026]<\/span><\/p>\n","protected":false},"author":1,"featured_media":0,"parent":0,"menu_order":0,"comment_status":"closed","ping_status":"closed","template":"","meta":{"footnotes":""},"categories":[],"tags":[],"class_list":["post-9120","page","type-page","status-publish","hentry"],"_links":{"self":[{"href":"https:\/\/retrofixer.it\/en\/wp-json\/wp\/v2\/pages\/9120","targetHints":{"allow":["GET"]}}],"collection":[{"href":"https:\/\/retrofixer.it\/en\/wp-json\/wp\/v2\/pages"}],"about":[{"href":"https:\/\/retrofixer.it\/en\/wp-json\/wp\/v2\/types\/page"}],"author":[{"embeddable":true,"href":"https:\/\/retrofixer.it\/en\/wp-json\/wp\/v2\/users\/1"}],"replies":[{"embeddable":true,"href":"https:\/\/retrofixer.it\/en\/wp-json\/wp\/v2\/comments?post=9120"}],"version-history":[{"count":10,"href":"https:\/\/retrofixer.it\/en\/wp-json\/wp\/v2\/pages\/9120\/revisions"}],"predecessor-version":[{"id":9131,"href":"https:\/\/retrofixer.it\/en\/wp-json\/wp\/v2\/pages\/9120\/revisions\/9131"}],"wp:attachment":[{"href":"https:\/\/retrofixer.it\/en\/wp-json\/wp\/v2\/media?parent=9120"}],"wp:term":[{"taxonomy":"category","embeddable":true,"href":"https:\/\/retrofixer.it\/en\/wp-json\/wp\/v2\/categories?post=9120"},{"taxonomy":"post_tag","embeddable":true,"href":"https:\/\/retrofixer.it\/en\/wp-json\/wp\/v2\/tags?post=9120"}],"curies":[{"name":"wp","href":"https:\/\/api.w.org\/{rel}","templated":true}]}}